{"id":1958,"date":"2024-05-27T13:36:26","date_gmt":"2024-05-27T19:36:26","guid":{"rendered":"https:\/\/casarey.com\/?page_id=1958"},"modified":"2025-01-22T05:51:14","modified_gmt":"2025-01-22T11:51:14","slug":"frequently-asked-questions","status":"publish","type":"page","link":"https:\/\/casarey.com\/es\/frequently-asked-questions\/","title":{"rendered":"Preguntas Frecuentes"},"content":{"rendered":"<p style=\"font-size: medium;\">\u00bfCu\u00e1ntos hu\u00e9spedes se permiten en una habitaci\u00f3n?<\/p>\n<p style=\"font-size: medium;\">Existen diferentes l\u00edmites de ocupaci\u00f3n seg\u00fan el tipo y tama\u00f1o de la habitaci\u00f3n. P\u00f3ngase en contacto con nosotros para obtener m\u00e1s informaci\u00f3n.<\/p>","protected":false},"excerpt":{"rendered":"","protected":false},"author":1,"featured_media":0,"parent":0,"menu_order":0,"comment_status":"closed","ping_status":"closed","template":"","meta":{"pagelayer_contact_templates":[],"_pagelayer_content":"","footnotes":""},"class_list":["post-1958","page","type-page","status-publish","hentry"],"yoast_head":"<!-- This site is optimized with the Yoast SEO plugin v27.4 - https:\/\/yoast.com\/product\/yoast-seo-wordpress\/ -->\n<title>Frequently Asked Questions - BUNGALOWS CASA REY<\/title>\n<meta name=\"robots\" content=\"index, follow, max-snippet:-1, max-image-preview:large, max-video-preview:-1\" \/>\n<link rel=\"canonical\" href=\"https:\/\/casarey.com\/es\/frequently-asked-questions\/\" \/>\n<meta property=\"og:locale\" content=\"es_MX\" \/>\n<meta property=\"og:type\" content=\"article\" \/>\n<meta property=\"og:title\" content=\"Frequently Asked Questions - BUNGALOWS CASA REY\" \/>\n<meta property=\"og:url\" content=\"https:\/\/casarey.com\/es\/frequently-asked-questions\/\" \/>\n<meta property=\"og:site_name\" content=\"BUNGALOWS CASA REY\" \/>\n<meta property=\"article:modified_time\" content=\"2025-01-22T11:51:14+00:00\" \/>\n<meta name=\"twitter:card\" content=\"summary_large_image\" \/>\n<script type=\"application\/ld+json\" class=\"yoast-schema-graph\">{\"@context\":\"https:\\\/\\\/schema.org\",\"@graph\":[{\"@type\":\"WebPage\",\"@id\":\"https:\\\/\\\/casarey.com\\\/en\\\/frequently-asked-questions\\\/\",\"url\":\"https:\\\/\\\/casarey.com\\\/en\\\/frequently-asked-questions\\\/\",\"name\":\"Frequently Asked Questions - BUNGALOWS CASA REY\",\"isPartOf\":{\"@id\":\"http:\\\/\\\/casarey.com\\\/en\\\/#website\"},\"datePublished\":\"2024-05-27T19:36:26+00:00\",\"dateModified\":\"2025-01-22T11:51:14+00:00\",\"breadcrumb\":{\"@id\":\"https:\\\/\\\/casarey.com\\\/en\\\/frequently-asked-questions\\\/#breadcrumb\"},\"inLanguage\":\"es\",\"potentialAction\":[{\"@type\":\"ReadAction\",\"target\":[\"https:\\\/\\\/casarey.com\\\/en\\\/frequently-asked-questions\\\/\"]}]},{\"@type\":\"BreadcrumbList\",\"@id\":\"https:\\\/\\\/casarey.com\\\/en\\\/frequently-asked-questions\\\/#breadcrumb\",\"itemListElement\":[{\"@type\":\"ListItem\",\"position\":1,\"name\":\"Home\",\"item\":\"http:\\\/\\\/casarey.com\\\/es\\\/\"},{\"@type\":\"ListItem\",\"position\":2,\"name\":\"Frequently Asked Questions\"}]},{\"@type\":\"WebSite\",\"@id\":\"http:\\\/\\\/casarey.com\\\/en\\\/#website\",\"url\":\"http:\\\/\\\/casarey.com\\\/en\\\/\",\"name\":\"BUNGALOWS CASA REY\",\"description\":\"Mexican Vacation Rentals\",\"potentialAction\":[{\"@type\":\"SearchAction\",\"target\":{\"@type\":\"EntryPoint\",\"urlTemplate\":\"http:\\\/\\\/casarey.com\\\/en\\\/?s={search_term_string}\"},\"query-input\":{\"@type\":\"PropertyValueSpecification\",\"valueRequired\":true,\"valueName\":\"search_term_string\"}}],\"inLanguage\":\"es\"}]}<\/script>\n<!-- \/ Yoast SEO plugin. -->","yoast_head_json":{"title":"Frequently Asked Questions - BUNGALOWS CASA REY","robots":{"index":"index","follow":"follow","max-snippet":"max-snippet:-1","max-image-preview":"max-image-preview:large","max-video-preview":"max-video-preview:-1"},"canonical":"https:\/\/casarey.com\/es\/frequently-asked-questions\/","og_locale":"es_MX","og_type":"article","og_title":"Frequently Asked Questions - BUNGALOWS CASA REY","og_url":"https:\/\/casarey.com\/es\/frequently-asked-questions\/","og_site_name":"BUNGALOWS CASA REY","article_modified_time":"2025-01-22T11:51:14+00:00","twitter_card":"summary_large_image","schema":{"@context":"https:\/\/schema.org","@graph":[{"@type":"WebPage","@id":"https:\/\/casarey.com\/en\/frequently-asked-questions\/","url":"https:\/\/casarey.com\/en\/frequently-asked-questions\/","name":"Frequently Asked Questions - BUNGALOWS CASA REY","isPartOf":{"@id":"http:\/\/casarey.com\/en\/#website"},"datePublished":"2024-05-27T19:36:26+00:00","dateModified":"2025-01-22T11:51:14+00:00","breadcrumb":{"@id":"https:\/\/casarey.com\/en\/frequently-asked-questions\/#breadcrumb"},"inLanguage":"es","potentialAction":[{"@type":"ReadAction","target":["https:\/\/casarey.com\/en\/frequently-asked-questions\/"]}]},{"@type":"BreadcrumbList","@id":"https:\/\/casarey.com\/en\/frequently-asked-questions\/#breadcrumb","itemListElement":[{"@type":"ListItem","position":1,"name":"Home","item":"http:\/\/casarey.com\/es\/"},{"@type":"ListItem","position":2,"name":"Frequently Asked Questions"}]},{"@type":"WebSite","@id":"http:\/\/casarey.com\/en\/#website","url":"http:\/\/casarey.com\/en\/","name":"BUNGALOWS CASA REY","description":"Mexican Vacation Rentals","potentialAction":[{"@type":"SearchAction","target":{"@type":"EntryPoint","urlTemplate":"http:\/\/casarey.com\/en\/?s={search_term_string}"},"query-input":{"@type":"PropertyValueSpecification","valueRequired":true,"valueName":"search_term_string"}}],"inLanguage":"es"}]}},"_links":{"self":[{"href":"https:\/\/casarey.com\/es\/wp-json\/wp\/v2\/pages\/1958","targetHints":{"allow":["GET"]}}],"collection":[{"href":"https:\/\/casarey.com\/es\/wp-json\/wp\/v2\/pages"}],"about":[{"href":"https:\/\/casarey.com\/es\/wp-json\/wp\/v2\/types\/page"}],"author":[{"embeddable":true,"href":"https:\/\/casarey.com\/es\/wp-json\/wp\/v2\/users\/1"}],"replies":[{"embeddable":true,"href":"https:\/\/casarey.com\/es\/wp-json\/wp\/v2\/comments?post=1958"}],"version-history":[{"count":3,"href":"https:\/\/casarey.com\/es\/wp-json\/wp\/v2\/pages\/1958\/revisions"}],"predecessor-version":[{"id":1978,"href":"https:\/\/casarey.com\/es\/wp-json\/wp\/v2\/pages\/1958\/revisions\/1978"}],"wp:attachment":[{"href":"https:\/\/casarey.com\/es\/wp-json\/wp\/v2\/media?parent=1958"}],"curies":[{"name":"wp","href":"https:\/\/api.w.org\/{rel}","templated":true}]}}