{"id":526,"date":"2022-09-24T13:47:00","date_gmt":"2022-09-24T18:47:00","guid":{"rendered":"https:\/\/casarey.com\/?page_id=526"},"modified":"2024-05-27T13:28:28","modified_gmt":"2024-05-27T19:28:28","slug":"amenities","status":"publish","type":"page","link":"https:\/\/casarey.com\/es\/amenities\/","title":{"rendered":"Comodidades"},"content":{"rendered":"<span style=\"line-height: 1.5;\"><p class=\"MsoNormal\" align=\"center\" style=\"margin-bottom: 0cm; margin-top: 0cm; text-align: center;\"><span style=\"color: rgb(255, 255, 255); line-height: 2.5; font-size: x-large;\"><span style=\"background-color: rgb(255, 235, 204); color: rgb(0, 0, 0); font-weight: 700;\"><span style=\"font-size: large;\"><br><\/span>Frente al mar<br><\/span><strong style=\"background-color: rgb(255, 235, 204); color: rgb(0, 0, 0);\">Aire Acondicionado en todos los departamentos<br>Internet Wi-Fi de alta velocidad gratis en todas las instalaciones dentro y fuera<br>Dos piscinas<br>Camastros y sombrillas de playa<br><\/strong><span style=\"font-weight: 700; background-color: rgb(255, 235, 204); color: rgb(0, 0, 0);\">Cocinas con barras de granito y electrodom\u00e9sticos de acero inoxidable<br><\/span><strong style=\"background-color: rgb(255, 235, 204); color: rgb(0, 0, 0);\">Refrigerador, cocina con horno y microondas<br>Cafetera, tostadora, ollas, sartenes y utensilios<br><\/strong><span style=\"font-weight: 700; transition-duration: 1s; background-color: rgb(255, 235, 204); color: rgb(0, 0, 0);\">Los ba\u00f1os tienen acabados de m\u00e1rmol<br><\/span><strong style=\"background-color: rgb(255, 235, 204); color: rgb(0, 0, 0);\">TV satelital en ingl\u00e9s con m\u00e1s de 100 estaciones<br><\/strong><span style=\"font-weight: 700; transition-duration: 1s; background-color: rgb(255, 235, 204); color: rgb(0, 0, 0);\">Llamadas telef\u00f3nicas gratuitas en toda Am\u00e9rica del Norte<br><\/span><strong style=\"background-color: rgb(255, 235, 204); color: rgb(0, 0, 0);\">Asadores de gas<br>Lavander\u00eda gratuita en las \u00e1reas comunes para estad\u00edas prolongadas<br>Servicio de mucama diario<br><\/strong><\/span><br><o:p><\/o:p><\/p><p class=\"MsoNormal\" align=\"center\" style=\"margin-bottom: 0cm; margin-top: 0cm; text-align: center;\"><o:p><\/o:p><\/p><p class=\"MsoNormal\" align=\"center\" style=\"margin-bottom: 0cm; margin-top: 0cm; text-align: center;\"><o:p><\/o:p><\/p><p class=\"MsoNormal\" align=\"center\" style=\"margin-bottom: 0cm; margin-top: 0cm; text-align: center;\"><o:p><\/o:p><\/p><p class=\"MsoNormal\" align=\"center\" style=\"margin-bottom: 0cm; margin-top: 0cm; text-align: center;\"><o:p><\/o:p><\/p><p class=\"MsoNormal\" align=\"center\" style=\"margin-bottom: 0cm; margin-top: 0cm; text-align: center;\"><o:p><\/o:p><\/p><p class=\"MsoNormal\" align=\"center\" style=\"margin-bottom: 0cm; margin-top: 0cm; text-align: center;\"><o:p><\/o:p><\/p><p class=\"MsoNormal\" align=\"center\" style=\"margin-bottom: 0cm; margin-top: 0cm; text-align: center;\"><o:p><\/o:p><\/p><p class=\"MsoNormal\" align=\"center\" style=\"margin-bottom: 0cm; margin-top: 0cm; text-align: center;\"><o:p><\/o:p><\/p><p class=\"MsoNormal\" align=\"center\" style=\"margin-bottom: 0cm; margin-top: 0cm; text-align: center;\"><o:p><\/o:p><\/p><p class=\"MsoNormal\" align=\"center\" style=\"margin-bottom: 0cm; margin-top: 0cm; text-align: center;\"><o:p><\/o:p><\/p><p class=\"MsoNormal\" align=\"center\" style=\"margin-bottom: 0cm; margin-top: 0cm; text-align: center;\"><o:p><\/o:p><\/p><p>\n<\/p><\/span><p class=\"MsoNormal\" align=\"center\" style=\"margin-bottom:0cm;margin-bottom:0cm;margin-top:0cm;mso-margin-bottom-alt:8.0pt;mso-margin-top-alt:0cm;mso-add-space:auto;text-align:center;line-height:normal\"><span style=\"line-height:2.0;\"><\/span><o:p><\/o:p><\/p>","protected":false},"excerpt":{"rendered":"","protected":false},"author":1,"featured_media":0,"parent":0,"menu_order":0,"comment_status":"closed","ping_status":"closed","template":"","meta":{"pagelayer_contact_templates":[],"_pagelayer_content":"","footnotes":""},"class_list":["post-526","page","type-page","status-publish","hentry"],"yoast_head":"<!-- This site is optimized with the Yoast SEO plugin v27.4 - https:\/\/yoast.com\/product\/yoast-seo-wordpress\/ -->\n<title>Amenities - BUNGALOWS CASA REY<\/title>\n<meta name=\"robots\" content=\"index, follow, max-snippet:-1, max-image-preview:large, max-video-preview:-1\" \/>\n<link rel=\"canonical\" href=\"https:\/\/casarey.com\/es\/amenities\/\" \/>\n<meta property=\"og:locale\" content=\"es_MX\" \/>\n<meta property=\"og:type\" content=\"article\" \/>\n<meta property=\"og:title\" content=\"Amenities - BUNGALOWS CASA REY\" \/>\n<meta property=\"og:url\" content=\"https:\/\/casarey.com\/es\/amenities\/\" \/>\n<meta property=\"og:site_name\" content=\"BUNGALOWS CASA REY\" \/>\n<meta property=\"article:modified_time\" content=\"2024-05-27T19:28:28+00:00\" \/>\n<meta name=\"twitter:card\" content=\"summary_large_image\" \/>\n<meta name=\"twitter:label1\" content=\"Tiempo de lectura\" \/>\n\t<meta name=\"twitter:data1\" content=\"1 minuto\" \/>\n<script type=\"application\/ld+json\" class=\"yoast-schema-graph\">{\"@context\":\"https:\\\/\\\/schema.org\",\"@graph\":[{\"@type\":\"WebPage\",\"@id\":\"https:\\\/\\\/casarey.com\\\/en\\\/amenities\\\/\",\"url\":\"https:\\\/\\\/casarey.com\\\/en\\\/amenities\\\/\",\"name\":\"Amenities - BUNGALOWS CASA REY\",\"isPartOf\":{\"@id\":\"http:\\\/\\\/casarey.com\\\/en\\\/#website\"},\"datePublished\":\"2022-09-24T18:47:00+00:00\",\"dateModified\":\"2024-05-27T19:28:28+00:00\",\"breadcrumb\":{\"@id\":\"https:\\\/\\\/casarey.com\\\/en\\\/amenities\\\/#breadcrumb\"},\"inLanguage\":\"es\",\"potentialAction\":[{\"@type\":\"ReadAction\",\"target\":[\"https:\\\/\\\/casarey.com\\\/en\\\/amenities\\\/\"]}]},{\"@type\":\"BreadcrumbList\",\"@id\":\"https:\\\/\\\/casarey.com\\\/en\\\/amenities\\\/#breadcrumb\",\"itemListElement\":[{\"@type\":\"ListItem\",\"position\":1,\"name\":\"Home\",\"item\":\"http:\\\/\\\/casarey.com\\\/es\\\/\"},{\"@type\":\"ListItem\",\"position\":2,\"name\":\"Amenities\"}]},{\"@type\":\"WebSite\",\"@id\":\"http:\\\/\\\/casarey.com\\\/en\\\/#website\",\"url\":\"http:\\\/\\\/casarey.com\\\/en\\\/\",\"name\":\"BUNGALOWS CASA REY\",\"description\":\"Mexican Vacation Rentals\",\"potentialAction\":[{\"@type\":\"SearchAction\",\"target\":{\"@type\":\"EntryPoint\",\"urlTemplate\":\"http:\\\/\\\/casarey.com\\\/en\\\/?s={search_term_string}\"},\"query-input\":{\"@type\":\"PropertyValueSpecification\",\"valueRequired\":true,\"valueName\":\"search_term_string\"}}],\"inLanguage\":\"es\"}]}<\/script>\n<!-- \/ Yoast SEO plugin. -->","yoast_head_json":{"title":"Amenities - BUNGALOWS CASA REY","robots":{"index":"index","follow":"follow","max-snippet":"max-snippet:-1","max-image-preview":"max-image-preview:large","max-video-preview":"max-video-preview:-1"},"canonical":"https:\/\/casarey.com\/es\/amenities\/","og_locale":"es_MX","og_type":"article","og_title":"Amenities - BUNGALOWS CASA REY","og_url":"https:\/\/casarey.com\/es\/amenities\/","og_site_name":"BUNGALOWS CASA REY","article_modified_time":"2024-05-27T19:28:28+00:00","twitter_card":"summary_large_image","twitter_misc":{"Tiempo de lectura":"1 minuto"},"schema":{"@context":"https:\/\/schema.org","@graph":[{"@type":"WebPage","@id":"https:\/\/casarey.com\/en\/amenities\/","url":"https:\/\/casarey.com\/en\/amenities\/","name":"Amenities - BUNGALOWS CASA REY","isPartOf":{"@id":"http:\/\/casarey.com\/en\/#website"},"datePublished":"2022-09-24T18:47:00+00:00","dateModified":"2024-05-27T19:28:28+00:00","breadcrumb":{"@id":"https:\/\/casarey.com\/en\/amenities\/#breadcrumb"},"inLanguage":"es","potentialAction":[{"@type":"ReadAction","target":["https:\/\/casarey.com\/en\/amenities\/"]}]},{"@type":"BreadcrumbList","@id":"https:\/\/casarey.com\/en\/amenities\/#breadcrumb","itemListElement":[{"@type":"ListItem","position":1,"name":"Home","item":"http:\/\/casarey.com\/es\/"},{"@type":"ListItem","position":2,"name":"Amenities"}]},{"@type":"WebSite","@id":"http:\/\/casarey.com\/en\/#website","url":"http:\/\/casarey.com\/en\/","name":"BUNGALOWS CASA REY","description":"Mexican Vacation Rentals","potentialAction":[{"@type":"SearchAction","target":{"@type":"EntryPoint","urlTemplate":"http:\/\/casarey.com\/en\/?s={search_term_string}"},"query-input":{"@type":"PropertyValueSpecification","valueRequired":true,"valueName":"search_term_string"}}],"inLanguage":"es"}]}},"_links":{"self":[{"href":"https:\/\/casarey.com\/es\/wp-json\/wp\/v2\/pages\/526","targetHints":{"allow":["GET"]}}],"collection":[{"href":"https:\/\/casarey.com\/es\/wp-json\/wp\/v2\/pages"}],"about":[{"href":"https:\/\/casarey.com\/es\/wp-json\/wp\/v2\/types\/page"}],"author":[{"embeddable":true,"href":"https:\/\/casarey.com\/es\/wp-json\/wp\/v2\/users\/1"}],"replies":[{"embeddable":true,"href":"https:\/\/casarey.com\/es\/wp-json\/wp\/v2\/comments?post=526"}],"version-history":[{"count":7,"href":"https:\/\/casarey.com\/es\/wp-json\/wp\/v2\/pages\/526\/revisions"}],"predecessor-version":[{"id":1956,"href":"https:\/\/casarey.com\/es\/wp-json\/wp\/v2\/pages\/526\/revisions\/1956"}],"wp:attachment":[{"href":"https:\/\/casarey.com\/es\/wp-json\/wp\/v2\/media?parent=526"}],"curies":[{"name":"wp","href":"https:\/\/api.w.org\/{rel}","templated":true}]}}