{"id":628,"date":"2022-09-24T15:05:28","date_gmt":"2022-09-24T20:05:28","guid":{"rendered":"https:\/\/casarey.com\/?page_id=628"},"modified":"2022-11-12T15:32:06","modified_gmt":"2022-11-12T21:32:06","slug":"transportation","status":"publish","type":"page","link":"https:\/\/casarey.com\/es\/transportation\/","title":{"rendered":"Transportaci\u00f3n"},"content":{"rendered":"<h3 style=\"color: rgb(102, 61, 0);\"><strong>Transporte a Bungalows Casa Rey<\/strong><\/h3>\n\n\n\n\n\n\n\n\n\n\n<p style=\"text-align: center;\"><strong><\/strong><\/p><span style=\"color: rgb(0, 0, 0); font-size: large;\"><p style=\"text-align: center;\"><strong>Los hu\u00e9spedes tienen la opci\u00f3n de volar a Puerto Vallarta y elegir uno de los<\/strong><\/p><p style=\"text-align: center;\"><strong>siguientes m\u00e9todos para llegar a nuestra propiedad.<\/strong><\/p><\/span><p style=\"text-align: center;\"><strong><\/strong><\/p>\n\n\n\n\n\n\n<p style=\"text-align: center;\"><strong style=\"font-size: x-large;\"><\/strong><\/p><span style=\"color:#ffffff;\"><p style=\"text-align: center;\"><strong style=\"font-size: x-large;\"><\/strong><\/p><span style=\"color:#000000;\"><p style=\"text-align: center;\"><strong style=\"font-size: x-large;\">1. TAXI DIRECTO<\/strong><br><\/p><p style=\"text-align: center;\"><span style=\"font-size:medium;\"><\/span><\/p><p class=\"MsoNormal\" style=\"text-align: center;\">Hay muchos servicios de taxi disponibles desde el aeropuerto de Puerto Vallarta y lo llevar\u00e1n directamente a nuestra puerta.<\/p><\/span><p class=\"MsoNormal\" style=\"text-align: center;\"><o:p><\/o:p><\/p><\/span><p style=\"text-align: center;\"><span style=\"font-size:medium;\"><\/span><\/p><p style=\"text-align: center;\"><\/p><p style=\"text-align: center;\"><\/p><p><\/p><p><\/p><p><\/p>\n\n\n\n\n\n\n\n\n\n\n\n\n\n<span style=\"font-size: medium; color: rgb(255, 255, 255);\"><p style=\"text-align: center;\"><strong><span style=\"font-size:x-large;\"><\/span><\/strong><span style=\"font-size:x-large;\"><strong><span style=\"\"><\/span><\/strong><\/span><\/p><span style=\"color:#000000;\"><p style=\"text-align: center;\"><span style=\"font-size:x-large;\"><strong><span style=\"\">2.<\/span> COMBINACI\u00d3N TAXI-BUS-TAXI<\/strong><br><\/span><\/p><p class=\"MsoNormal\">From the Puerto Vallarta airport, guests can take a taxi to\nthe highway coach bus depot (approximately 2 miles from the airport) for a cost\nof about 100 &#8211; 200 pesos depending on the number of people travelling. For 65\npesos per adult, guests can get on an air-conditioned highway coach for\napproximately 45 minutes until they arrive at the town of la Penita de Jaltemba.\nFrom here, a taxi can be taken to get to our property for an additional 100 &#8211;\n200 pesos depending on the total passengers travelling. This option can take up\nto 3 hours. Please note that buses only run until 10pm from Puerto Vallarta.<o:p><\/o:p><\/p><\/span><p style=\"text-align: center;\"><\/p><\/span><p style=\"text-align: center;\"><\/p>\n\n\n\n\n\n<span style=\"color: rgb(0, 0, 0);\"><span style=\"font-size:x-large;\"><p style=\"text-align: center;\"><strong><\/strong><\/p><\/span><\/span><span style=\"color: rgb(0, 0, 0);\"><span style=\"font-size:x-large;\"><span style=\"\"><p style=\"text-align: center;\"><span style=\"font-size: x-large; font-weight: 700; transition-duration: 1s;\">3.<\/span><span style=\"font-size: x-large; font-weight: 700;\">&nbsp;<\/span><span style=\"font-size: x-large; font-weight: 700;\">SERVICIO DE CONSERJER\u00cdA CASA REY<br><\/span><span style=\"letter-spacing: 0px;\">Ofrecemos un servicio de recogida para nuestros hu\u00e9spedes y podemos tenerlo en nuestra propiedad dentro de 1 hora de la hora de llegada. Si su vuelo est\u00e1 programado para llegar m\u00e1s tarde en la noche, le recomendamos esta opci\u00f3n en caso de que los vuelos se retrasen; Recuerde, los autobuses solo funcionan hasta las 10:00 p. m. Por favor, pregunte por los precios actuales.<\/span><\/p><\/span><\/span><\/span><p style=\"text-align: center;\"><\/p>\n\n\n\n\n\n\n\n\n\n\n\n\n\n<p style=\"text-align: center;\">Bungalows Casa Rey no es responsable por lesiones personales, p\u00e9rdida de propiedad o da\u00f1os a la propiedad relacionados con los servicios de transporte.<\/p>","protected":false},"excerpt":{"rendered":"","protected":false},"author":1,"featured_media":0,"parent":0,"menu_order":0,"comment_status":"closed","ping_status":"closed","template":"","meta":{"pagelayer_contact_templates":[],"_pagelayer_content":"","footnotes":""},"class_list":["post-628","page","type-page","status-publish","hentry"],"yoast_head":"<!-- This site is optimized with the Yoast SEO plugin v27.4 - https:\/\/yoast.com\/product\/yoast-seo-wordpress\/ -->\n<title>Transportation - BUNGALOWS CASA REY<\/title>\n<meta name=\"robots\" content=\"index, follow, max-snippet:-1, max-image-preview:large, max-video-preview:-1\" \/>\n<link rel=\"canonical\" href=\"https:\/\/casarey.com\/es\/transportation\/\" \/>\n<meta property=\"og:locale\" content=\"es_MX\" \/>\n<meta property=\"og:type\" content=\"article\" \/>\n<meta property=\"og:title\" content=\"Transportation - BUNGALOWS CASA REY\" \/>\n<meta property=\"og:url\" content=\"https:\/\/casarey.com\/es\/transportation\/\" \/>\n<meta property=\"og:site_name\" content=\"BUNGALOWS CASA REY\" \/>\n<meta property=\"article:modified_time\" content=\"2022-11-12T21:32:06+00:00\" \/>\n<meta name=\"twitter:card\" content=\"summary_large_image\" \/>\n<meta name=\"twitter:label1\" content=\"Tiempo de lectura\" \/>\n\t<meta name=\"twitter:data1\" content=\"2 minutos\" \/>\n<script type=\"application\/ld+json\" class=\"yoast-schema-graph\">{\"@context\":\"https:\\\/\\\/schema.org\",\"@graph\":[{\"@type\":\"WebPage\",\"@id\":\"https:\\\/\\\/casarey.com\\\/en\\\/transportation\\\/\",\"url\":\"https:\\\/\\\/casarey.com\\\/en\\\/transportation\\\/\",\"name\":\"Transportation - BUNGALOWS CASA REY\",\"isPartOf\":{\"@id\":\"http:\\\/\\\/casarey.com\\\/en\\\/#website\"},\"datePublished\":\"2022-09-24T20:05:28+00:00\",\"dateModified\":\"2022-11-12T21:32:06+00:00\",\"breadcrumb\":{\"@id\":\"https:\\\/\\\/casarey.com\\\/en\\\/transportation\\\/#breadcrumb\"},\"inLanguage\":\"es\",\"potentialAction\":[{\"@type\":\"ReadAction\",\"target\":[\"https:\\\/\\\/casarey.com\\\/en\\\/transportation\\\/\"]}]},{\"@type\":\"BreadcrumbList\",\"@id\":\"https:\\\/\\\/casarey.com\\\/en\\\/transportation\\\/#breadcrumb\",\"itemListElement\":[{\"@type\":\"ListItem\",\"position\":1,\"name\":\"Home\",\"item\":\"http:\\\/\\\/casarey.com\\\/es\\\/\"},{\"@type\":\"ListItem\",\"position\":2,\"name\":\"Transportation\"}]},{\"@type\":\"WebSite\",\"@id\":\"http:\\\/\\\/casarey.com\\\/en\\\/#website\",\"url\":\"http:\\\/\\\/casarey.com\\\/en\\\/\",\"name\":\"BUNGALOWS CASA REY\",\"description\":\"Mexican Vacation Rentals\",\"potentialAction\":[{\"@type\":\"SearchAction\",\"target\":{\"@type\":\"EntryPoint\",\"urlTemplate\":\"http:\\\/\\\/casarey.com\\\/en\\\/?s={search_term_string}\"},\"query-input\":{\"@type\":\"PropertyValueSpecification\",\"valueRequired\":true,\"valueName\":\"search_term_string\"}}],\"inLanguage\":\"es\"}]}<\/script>\n<!-- \/ Yoast SEO plugin. -->","yoast_head_json":{"title":"Transportation - BUNGALOWS CASA REY","robots":{"index":"index","follow":"follow","max-snippet":"max-snippet:-1","max-image-preview":"max-image-preview:large","max-video-preview":"max-video-preview:-1"},"canonical":"https:\/\/casarey.com\/es\/transportation\/","og_locale":"es_MX","og_type":"article","og_title":"Transportation - BUNGALOWS CASA REY","og_url":"https:\/\/casarey.com\/es\/transportation\/","og_site_name":"BUNGALOWS CASA REY","article_modified_time":"2022-11-12T21:32:06+00:00","twitter_card":"summary_large_image","twitter_misc":{"Tiempo de lectura":"2 minutos"},"schema":{"@context":"https:\/\/schema.org","@graph":[{"@type":"WebPage","@id":"https:\/\/casarey.com\/en\/transportation\/","url":"https:\/\/casarey.com\/en\/transportation\/","name":"Transportation - BUNGALOWS CASA REY","isPartOf":{"@id":"http:\/\/casarey.com\/en\/#website"},"datePublished":"2022-09-24T20:05:28+00:00","dateModified":"2022-11-12T21:32:06+00:00","breadcrumb":{"@id":"https:\/\/casarey.com\/en\/transportation\/#breadcrumb"},"inLanguage":"es","potentialAction":[{"@type":"ReadAction","target":["https:\/\/casarey.com\/en\/transportation\/"]}]},{"@type":"BreadcrumbList","@id":"https:\/\/casarey.com\/en\/transportation\/#breadcrumb","itemListElement":[{"@type":"ListItem","position":1,"name":"Home","item":"http:\/\/casarey.com\/es\/"},{"@type":"ListItem","position":2,"name":"Transportation"}]},{"@type":"WebSite","@id":"http:\/\/casarey.com\/en\/#website","url":"http:\/\/casarey.com\/en\/","name":"BUNGALOWS CASA REY","description":"Mexican Vacation Rentals","potentialAction":[{"@type":"SearchAction","target":{"@type":"EntryPoint","urlTemplate":"http:\/\/casarey.com\/en\/?s={search_term_string}"},"query-input":{"@type":"PropertyValueSpecification","valueRequired":true,"valueName":"search_term_string"}}],"inLanguage":"es"}]}},"_links":{"self":[{"href":"https:\/\/casarey.com\/es\/wp-json\/wp\/v2\/pages\/628","targetHints":{"allow":["GET"]}}],"collection":[{"href":"https:\/\/casarey.com\/es\/wp-json\/wp\/v2\/pages"}],"about":[{"href":"https:\/\/casarey.com\/es\/wp-json\/wp\/v2\/types\/page"}],"author":[{"embeddable":true,"href":"https:\/\/casarey.com\/es\/wp-json\/wp\/v2\/users\/1"}],"replies":[{"embeddable":true,"href":"https:\/\/casarey.com\/es\/wp-json\/wp\/v2\/comments?post=628"}],"version-history":[{"count":5,"href":"https:\/\/casarey.com\/es\/wp-json\/wp\/v2\/pages\/628\/revisions"}],"predecessor-version":[{"id":1820,"href":"https:\/\/casarey.com\/es\/wp-json\/wp\/v2\/pages\/628\/revisions\/1820"}],"wp:attachment":[{"href":"https:\/\/casarey.com\/es\/wp-json\/wp\/v2\/media?parent=628"}],"curies":[{"name":"wp","href":"https:\/\/api.w.org\/{rel}","templated":true}]}}