{"id":702,"date":"2022-09-25T18:33:55","date_gmt":"2022-09-25T23:33:55","guid":{"rendered":"https:\/\/casarey.com\/?page_id=517"},"modified":"2022-11-12T15:43:07","modified_gmt":"2022-11-12T21:43:07","slug":"about-us","status":"publish","type":"page","link":"https:\/\/casarey.com\/es\/about-us\/","title":{"rendered":"Sobre nosotros"},"content":{"rendered":"<p class=\"MsoNormal\" style=\"text-align: center;\"><span style=\"color: rgb(255, 255, 255); font-size: x-large;\"><strong>BUNGALOWS CASA REY<\/strong> es un hotel de propiedad canadiense\/mexicana que consta de una casa, casita y departamentos. Todos los departamentos son suites independientes que incluyen todas las comodidades necesarias para unas excelentes y relajantes vacaciones en M\u00e9xico.<\/span><o:p><\/o:p><\/p>\n\n\n\n\n\n<p style=\"text-align: center;\"><span style=\"color: rgb(255, 255, 255); font-size: x-large; font-weight: 700;\"><br><\/span><\/p>\n<p style=\"text-align: center;\"><span style=\"color: rgb(255, 255, 255); font-size: x-large; font-weight: 700;\"><br><\/span><\/p>\n<p style=\"text-align: center;\"><span style=\"color: rgb(255, 255, 255); font-size: x-large; font-weight: 700;\">\u00a1Estamos orgullosos de los servicios de alta calidad que brindamos a nuestros clientes todos los d\u00edas!<\/span><br><\/p>\n\n\n\n\n\n\n\n<span style=\"color: rgb(255, 255, 255);\">Sobre Las Ayala<\/span>\n<h4>\n<\/h4><h5 class=\"MsoNormal\"><span style=\"color: rgb(255, 255, 255);\">Aproximadamente a una milla de Rinc\u00f3n de Guayabitos, en direcci\u00f3n sur por la Avenida del Sol Nuevo, se encuentra el peque\u00f1o pueblo de pescadores de Ayala. Puedes caminar hasta all\u00ed, pero los autobuses y taxis tambi\u00e9n realizan esta ruta. Esta playa est\u00e1 llena de palapas y tiene algunas de las mejores para nadar en aguas tranquilas.<\/span><o:p><\/o:p><\/h5>\n\n\n\n\n\n\n<p style=\"text-align: center;\"><strong style=\"font-size: x-large; color: rgb(255, 255, 255);\">Lo que ofrecemos<\/strong><\/p>\n\n\n\n\n\n\n<h5><span style=\"color: rgb(255, 255, 255);\">Lo mejor del mercado\n<\/span><\/h5>\n<p><span style=\"color: rgb(242, 242, 242);\">\u00a1Nos enorgullece brindarles a nuestros hu\u00e9spedes los mejores servicios de hotel en el \u00e1rea!<\/span><\/p>\n\n\n<h5><span style=\"color: rgb(255, 255, 255);\">Equipo profesional\n<\/span><\/h5>\n<p><span style=\"color: rgb(242, 242, 242);\">\u00a1Nuestro equipo de atenci\u00f3n al cliente y soporte se asegurar\u00e1 de que tenga una estancia maravillosa!<\/span><\/p>\n\n\n\n\n<h5><span style=\"color: rgb(255, 255, 255);\">20 a\u00f1os de experiencia<\/span><\/h5>\n<p><font color=\"#f2f2f2\">\u00a1Nuestra experiencia se nota en los servicios de calidad que brindamos!<\/font><\/p>\n\n<h5><span style=\"color: rgb(255, 255, 255);\">Soporte amistoso\n<\/span><\/h5>\n<p><span style=\"color: rgb(242, 242, 242);\">\u00a1Puede contar con nuestro personal para que su experiencia vacacional sea excelente!<\/span><\/p>","protected":false},"excerpt":{"rendered":"","protected":false},"author":1,"featured_media":0,"parent":0,"menu_order":0,"comment_status":"closed","ping_status":"closed","template":"","meta":{"pagelayer_contact_templates":[],"_pagelayer_content":"","footnotes":""},"class_list":["post-702","page","type-page","status-publish","hentry"],"yoast_head":"<!-- This site is optimized with the Yoast SEO plugin v27.4 - https:\/\/yoast.com\/product\/yoast-seo-wordpress\/ -->\n<title>About Us - BUNGALOWS CASA REY<\/title>\n<meta name=\"robots\" content=\"index, follow, max-snippet:-1, max-image-preview:large, max-video-preview:-1\" \/>\n<link rel=\"canonical\" href=\"https:\/\/casarey.com\/es\/about-us\/\" \/>\n<meta property=\"og:locale\" content=\"es_MX\" \/>\n<meta property=\"og:type\" content=\"article\" \/>\n<meta property=\"og:title\" content=\"About Us - BUNGALOWS CASA REY\" \/>\n<meta property=\"og:url\" content=\"https:\/\/casarey.com\/es\/about-us\/\" \/>\n<meta property=\"og:site_name\" content=\"BUNGALOWS CASA REY\" \/>\n<meta property=\"article:modified_time\" content=\"2022-11-12T21:43:07+00:00\" \/>\n<meta name=\"twitter:card\" content=\"summary_large_image\" \/>\n<meta name=\"twitter:label1\" content=\"Tiempo de lectura\" \/>\n\t<meta name=\"twitter:data1\" content=\"1 minuto\" \/>\n<script type=\"application\/ld+json\" class=\"yoast-schema-graph\">{\"@context\":\"https:\\\/\\\/schema.org\",\"@graph\":[{\"@type\":\"WebPage\",\"@id\":\"https:\\\/\\\/casarey.com\\\/en\\\/about-us\\\/\",\"url\":\"https:\\\/\\\/casarey.com\\\/en\\\/about-us\\\/\",\"name\":\"About Us - BUNGALOWS CASA REY\",\"isPartOf\":{\"@id\":\"http:\\\/\\\/casarey.com\\\/en\\\/#website\"},\"datePublished\":\"2022-09-25T23:33:55+00:00\",\"dateModified\":\"2022-11-12T21:43:07+00:00\",\"breadcrumb\":{\"@id\":\"https:\\\/\\\/casarey.com\\\/en\\\/about-us\\\/#breadcrumb\"},\"inLanguage\":\"es\",\"potentialAction\":[{\"@type\":\"ReadAction\",\"target\":[\"https:\\\/\\\/casarey.com\\\/en\\\/about-us\\\/\"]}]},{\"@type\":\"BreadcrumbList\",\"@id\":\"https:\\\/\\\/casarey.com\\\/en\\\/about-us\\\/#breadcrumb\",\"itemListElement\":[{\"@type\":\"ListItem\",\"position\":1,\"name\":\"Home\",\"item\":\"http:\\\/\\\/casarey.com\\\/es\\\/\"},{\"@type\":\"ListItem\",\"position\":2,\"name\":\"About Us\"}]},{\"@type\":\"WebSite\",\"@id\":\"http:\\\/\\\/casarey.com\\\/en\\\/#website\",\"url\":\"http:\\\/\\\/casarey.com\\\/en\\\/\",\"name\":\"BUNGALOWS CASA REY\",\"description\":\"Mexican Vacation Rentals\",\"potentialAction\":[{\"@type\":\"SearchAction\",\"target\":{\"@type\":\"EntryPoint\",\"urlTemplate\":\"http:\\\/\\\/casarey.com\\\/en\\\/?s={search_term_string}\"},\"query-input\":{\"@type\":\"PropertyValueSpecification\",\"valueRequired\":true,\"valueName\":\"search_term_string\"}}],\"inLanguage\":\"es\"}]}<\/script>\n<!-- \/ Yoast SEO plugin. -->","yoast_head_json":{"title":"About Us - BUNGALOWS CASA REY","robots":{"index":"index","follow":"follow","max-snippet":"max-snippet:-1","max-image-preview":"max-image-preview:large","max-video-preview":"max-video-preview:-1"},"canonical":"https:\/\/casarey.com\/es\/about-us\/","og_locale":"es_MX","og_type":"article","og_title":"About Us - BUNGALOWS CASA REY","og_url":"https:\/\/casarey.com\/es\/about-us\/","og_site_name":"BUNGALOWS CASA REY","article_modified_time":"2022-11-12T21:43:07+00:00","twitter_card":"summary_large_image","twitter_misc":{"Tiempo de lectura":"1 minuto"},"schema":{"@context":"https:\/\/schema.org","@graph":[{"@type":"WebPage","@id":"https:\/\/casarey.com\/en\/about-us\/","url":"https:\/\/casarey.com\/en\/about-us\/","name":"About Us - BUNGALOWS CASA REY","isPartOf":{"@id":"http:\/\/casarey.com\/en\/#website"},"datePublished":"2022-09-25T23:33:55+00:00","dateModified":"2022-11-12T21:43:07+00:00","breadcrumb":{"@id":"https:\/\/casarey.com\/en\/about-us\/#breadcrumb"},"inLanguage":"es","potentialAction":[{"@type":"ReadAction","target":["https:\/\/casarey.com\/en\/about-us\/"]}]},{"@type":"BreadcrumbList","@id":"https:\/\/casarey.com\/en\/about-us\/#breadcrumb","itemListElement":[{"@type":"ListItem","position":1,"name":"Home","item":"http:\/\/casarey.com\/es\/"},{"@type":"ListItem","position":2,"name":"About Us"}]},{"@type":"WebSite","@id":"http:\/\/casarey.com\/en\/#website","url":"http:\/\/casarey.com\/en\/","name":"BUNGALOWS CASA REY","description":"Mexican Vacation Rentals","potentialAction":[{"@type":"SearchAction","target":{"@type":"EntryPoint","urlTemplate":"http:\/\/casarey.com\/en\/?s={search_term_string}"},"query-input":{"@type":"PropertyValueSpecification","valueRequired":true,"valueName":"search_term_string"}}],"inLanguage":"es"}]}},"_links":{"self":[{"href":"https:\/\/casarey.com\/es\/wp-json\/wp\/v2\/pages\/702","targetHints":{"allow":["GET"]}}],"collection":[{"href":"https:\/\/casarey.com\/es\/wp-json\/wp\/v2\/pages"}],"about":[{"href":"https:\/\/casarey.com\/es\/wp-json\/wp\/v2\/types\/page"}],"author":[{"embeddable":true,"href":"https:\/\/casarey.com\/es\/wp-json\/wp\/v2\/users\/1"}],"replies":[{"embeddable":true,"href":"https:\/\/casarey.com\/es\/wp-json\/wp\/v2\/comments?post=702"}],"version-history":[{"count":5,"href":"https:\/\/casarey.com\/es\/wp-json\/wp\/v2\/pages\/702\/revisions"}],"predecessor-version":[{"id":1822,"href":"https:\/\/casarey.com\/es\/wp-json\/wp\/v2\/pages\/702\/revisions\/1822"}],"wp:attachment":[{"href":"https:\/\/casarey.com\/es\/wp-json\/wp\/v2\/media?parent=702"}],"curies":[{"name":"wp","href":"https:\/\/api.w.org\/{rel}","templated":true}]}}